{"id":21,"date":"2022-01-19T09:53:29","date_gmt":"2022-01-19T08:53:29","guid":{"rendered":"http:\/\/localhost:8080\/?page_id=21"},"modified":"2022-09-22T12:43:41","modified_gmt":"2022-09-22T10:43:41","slug":"create-your-website-with-blocks","status":"publish","type":"page","link":"https:\/\/fv-kita-sandhaeuschen.de\/","title":{"rendered":"Herzlich Willkommen auf der Internetseite der Freunde und F\u00f6rderer des Montessori-Kinderhauses Sandh\u00e4uschen e.V."},"content":{"rendered":"\n<p>Als eingetragener gemeinn\u00fctziger Verein sehen wir uns als eine Plattform f\u00fcr Eltern, Gro\u00dfeltern und f\u00fcr andere Verwandte und Interessierte, die sich in unterschiedlicher Form an der Unterst\u00fctzung der Kinder und der KiTa Sandh\u00e4uschen beteiligen m\u00f6chten.  <\/p>\n\n\n\n<p>Unser F\u00f6rderverein setzt sich aus zahlreichen aktiven und passiven Mitgliedern zusammen, die gute Ideen einbringen, bei der Organisation von Festen und Veranstaltungen mitwirken, sich f\u00fcr L\u00f6sungen von aktuellen Problemen im Kinderhaus oder Sammlung von Spenden engagieren oder einfach nur einen Beitrag zur finanziellen Unterst\u00fctzung leisten. <\/p>\n\n\n\n<p>Durch diese Unterst\u00fctzung ist es uns m\u00f6glich, kleine und gro\u00dfe Projekte zu verwirklichen, die den Erziehenden bei ihrer Arbeit und den Kindern in ihrem Sozialraum &#8222;KiTa&#8220; sehr helfen k\u00f6nnen. <\/p>\n\n\n\n<p><a href=\"https:\/\/fv-kita-sandhaeuschen.de\/?page_id=286\">Mitglieder<\/a> sind bei uns immer und jederzeit herzlich willkommen!<\/p>\n\n\n\n<p>Und nun viel Spa\u00df beim St\u00f6bern!<\/p>\n","protected":false},"excerpt":{"rendered":"<p>Als eingetragener gemeinn\u00fctziger Verein sehen wir uns als eine Plattform f\u00fcr Eltern, Gro\u00dfeltern und f\u00fcr andere Verwandte und Interessierte, die sich in unterschiedlicher Form an der Unterst\u00fctzung der Kinder und der KiTa Sandh\u00e4uschen beteiligen m\u00f6chten. Unser F\u00f6rderverein setzt sich aus zahlreichen aktiven und passiven Mitgliedern zusammen, die gute Ideen einbringen, bei der Organisation von Festen &#8230; <a title=\"Herzlich Willkommen auf der Internetseite der Freunde und F\u00f6rderer des Montessori-Kinderhauses Sandh\u00e4uschen e.V.\" class=\"read-more\" href=\"https:\/\/fv-kita-sandhaeuschen.de\/\" aria-label=\"Mehr Informationen \u00fcber Herzlich Willkommen auf der Internetseite der Freunde und F\u00f6rderer des Montessori-Kinderhauses Sandh\u00e4uschen e.V.\">Weiterlesen<\/a><\/p>\n","protected":false},"author":1,"featured_media":0,"parent":0,"menu_order":0,"comment_status":"closed","ping_status":"closed","template":"","meta":{"footnotes":""},"class_list":["post-21","page","type-page","status-publish"],"_links":{"self":[{"href":"https:\/\/fv-kita-sandhaeuschen.de\/index.php?rest_route=\/wp\/v2\/pages\/21","targetHints":{"allow":["GET"]}}],"collection":[{"href":"https:\/\/fv-kita-sandhaeuschen.de\/index.php?rest_route=\/wp\/v2\/pages"}],"about":[{"href":"https:\/\/fv-kita-sandhaeuschen.de\/index.php?rest_route=\/wp\/v2\/types\/page"}],"author":[{"embeddable":true,"href":"https:\/\/fv-kita-sandhaeuschen.de\/index.php?rest_route=\/wp\/v2\/users\/1"}],"replies":[{"embeddable":true,"href":"https:\/\/fv-kita-sandhaeuschen.de\/index.php?rest_route=%2Fwp%2Fv2%2Fcomments&post=21"}],"version-history":[{"count":52,"href":"https:\/\/fv-kita-sandhaeuschen.de\/index.php?rest_route=\/wp\/v2\/pages\/21\/revisions"}],"predecessor-version":[{"id":358,"href":"https:\/\/fv-kita-sandhaeuschen.de\/index.php?rest_route=\/wp\/v2\/pages\/21\/revisions\/358"}],"wp:attachment":[{"href":"https:\/\/fv-kita-sandhaeuschen.de\/index.php?rest_route=%2Fwp%2Fv2%2Fmedia&parent=21"}],"curies":[{"name":"wp","href":"https:\/\/api.w.org\/{rel}","templated":true}]}}