{"id":286,"date":"2022-01-26T09:59:21","date_gmt":"2022-01-26T08:59:21","guid":{"rendered":"https:\/\/fv-kita-sandhaeuschen.de\/?page_id=286"},"modified":"2025-12-15T11:21:35","modified_gmt":"2025-12-15T10:21:35","slug":"mitmachen","status":"publish","type":"page","link":"https:\/\/fv-kita-sandhaeuschen.de\/?page_id=286","title":{"rendered":"Mitmachen!"},"content":{"rendered":"\n<h2 class=\"wp-block-heading\" id=\"mitgliedschaft\">Mitgliedschaft<\/h2>\n\n\n\n<p>Der F\u00f6rderverein lebt von den Beitr\u00e4gen seiner Mitglieder, sowohl inhaltlich als auch finanziell. Momentan (Stand September 2022) hat der Verein 14 aktive und ein F\u00f6rdermitglied. Pro Jahr stehen dem Verein aus den Mitgliedsbeitr\u00e4gen damit aktuell EUR 415,- zur Verf\u00fcgung. Leider ist die Entwicklung in den letzten Jahren r\u00fcckl\u00e4ufig:<\/p>\n\n\n\n<figure class=\"wp-block-image size-full\"><img loading=\"lazy\" decoding=\"async\" width=\"880\" height=\"505\" src=\"https:\/\/fv-kita-sandhaeuschen.de\/wp-content\/uploads\/2025\/12\/Entwicklung_Mitglieder-1.png\" alt=\"\" class=\"wp-image-370\" srcset=\"https:\/\/fv-kita-sandhaeuschen.de\/wp-content\/uploads\/2025\/12\/Entwicklung_Mitglieder-1.png 880w, https:\/\/fv-kita-sandhaeuschen.de\/wp-content\/uploads\/2025\/12\/Entwicklung_Mitglieder-1-300x172.png 300w, https:\/\/fv-kita-sandhaeuschen.de\/wp-content\/uploads\/2025\/12\/Entwicklung_Mitglieder-1-768x441.png 768w\" sizes=\"auto, (max-width: 880px) 100vw, 880px\" \/><\/figure>\n\n\n\n<p>Neue Mitglieder sind uns stets willkommen! Der Aufnahmeantrag ist unten verlinkt. Der ausgef\u00fcllte Antrag kann am Kinderhaus eingeworfen oder pers\u00f6nlich abgegeben werden. Alternativ auch gerne per E-Mail: <a href=\"mailto:info@fv-kita-sandhaeuschen.de\">info@fv-kita-sandhaeuschen.de<\/a>.<\/p>\n\n\n\n<div class=\"wp-block-file\"><a href=\"https:\/\/fv-kita-sandhaeuschen.de\/wp-content\/uploads\/2022\/01\/Aufnahmeantrag.pdf\" class=\"wp-block-file__button\" download aria-describedby=\"wp-block-file--media-9f75fc56-e96e-4983-90c7-ec2189abfcad\">Aufnahmeantrag<\/a><\/div>\n\n\n\n<h2 class=\"wp-block-heading\" id=\"spende\">Spende<\/h2>\n\n\n\n<p>Ob gro\u00df oder klein &#8211; Jeder Beitrag unterst\u00fctzt unabh\u00e4ngig von einer Mitgliedschaft. Das Spendenkonto des F\u00f6rdervereins:<\/p>\n\n\n\n<p>Freunde und Foerderer des Montessori-Kinderhauses Sandhaeuschen e.V.<br>IBAN <strong>DE 54 3906 0180 0140 4800 10<\/strong><br>BIC <strong>GENODED1AAC<\/strong><\/p>\n\n\n\n<p>Danke, dass Sie bei der \u00dcberweisung die folgenden Daten als Verwendungszweck angeben: Spende &#8211; Name und Adresse.<\/p>\n\n\n\n<h2 class=\"wp-block-heading\" id=\"spendenbescheinigung\">Spendenbescheinigung<\/h2>\n\n\n\n<p>Der Verein &#8222;Freunde und Foerderer des Montessori-Kinderhauses Sandhaeuschen e.V.&#8220; ist als gemeinn\u00fctzig anerkannt. Spenden und Mitgliedsbeitr\u00e4ge k\u00f6nnen deshalb in Deutschland steuerlich geltend gemacht werden. Seit dem 01.01.2021 wird von den Finanz\u00e4mtern als so genannter &#8222;vereinfachter Zuwendungsnachweis&#8220; der Kontoauszug akzeptiert. Dies gilt bis zu einer Jahressumme von EUR 300,-. Bei h\u00f6heren Betr\u00e4gen (und auf Nachfrage auch gerne darunter) stellt der Verein explizite Spendenquittungen aus.<\/p>\n","protected":false},"excerpt":{"rendered":"<p>Mitgliedschaft Der F\u00f6rderverein lebt von den Beitr\u00e4gen seiner Mitglieder, sowohl inhaltlich als auch finanziell. Momentan (Stand September 2022) hat der Verein 14 aktive und ein F\u00f6rdermitglied. Pro Jahr stehen dem Verein aus den Mitgliedsbeitr\u00e4gen damit aktuell EUR 415,- zur Verf\u00fcgung. Leider ist die Entwicklung in den letzten Jahren r\u00fcckl\u00e4ufig: Neue Mitglieder sind uns stets willkommen! &#8230; <a title=\"Mitmachen!\" class=\"read-more\" href=\"https:\/\/fv-kita-sandhaeuschen.de\/?page_id=286\" aria-label=\"Mehr Informationen \u00fcber Mitmachen!\">Weiterlesen<\/a><\/p>\n","protected":false},"author":1,"featured_media":0,"parent":0,"menu_order":0,"comment_status":"closed","ping_status":"closed","template":"","meta":{"footnotes":""},"class_list":["post-286","page","type-page","status-publish"],"_links":{"self":[{"href":"https:\/\/fv-kita-sandhaeuschen.de\/index.php?rest_route=\/wp\/v2\/pages\/286","targetHints":{"allow":["GET"]}}],"collection":[{"href":"https:\/\/fv-kita-sandhaeuschen.de\/index.php?rest_route=\/wp\/v2\/pages"}],"about":[{"href":"https:\/\/fv-kita-sandhaeuschen.de\/index.php?rest_route=\/wp\/v2\/types\/page"}],"author":[{"embeddable":true,"href":"https:\/\/fv-kita-sandhaeuschen.de\/index.php?rest_route=\/wp\/v2\/users\/1"}],"replies":[{"embeddable":true,"href":"https:\/\/fv-kita-sandhaeuschen.de\/index.php?rest_route=%2Fwp%2Fv2%2Fcomments&post=286"}],"version-history":[{"count":13,"href":"https:\/\/fv-kita-sandhaeuschen.de\/index.php?rest_route=\/wp\/v2\/pages\/286\/revisions"}],"predecessor-version":[{"id":371,"href":"https:\/\/fv-kita-sandhaeuschen.de\/index.php?rest_route=\/wp\/v2\/pages\/286\/revisions\/371"}],"wp:attachment":[{"href":"https:\/\/fv-kita-sandhaeuschen.de\/index.php?rest_route=%2Fwp%2Fv2%2Fmedia&parent=286"}],"curies":[{"name":"wp","href":"https:\/\/api.w.org\/{rel}","templated":true}]}}