{"id":40,"date":"2022-01-19T09:59:49","date_gmt":"2022-01-19T08:59:49","guid":{"rendered":"http:\/\/localhost:8080\/?page_id=40"},"modified":"2022-09-14T16:08:02","modified_gmt":"2022-09-14T14:08:02","slug":"infos","status":"publish","type":"page","link":"https:\/\/fv-kita-sandhaeuschen.de\/?page_id=40","title":{"rendered":"Der F\u00f6rderverein"},"content":{"rendered":"\n<p>Unser F\u00f6rderverein wurde im Jahr 2007 gegr\u00fcndet. Als eingetragener gemeinn\u00fctziger Verein sehen wir uns als eine Plattform f\u00fcr Eltern, Gro\u00dfeltern und andere Verwandte, Erziehende, Freunde und Interessierte, die sich in unterschiedlicher Form an der Unterst\u00fctzung der Kinder und der Arbeit des Montessori-Kinderhauses Sandh\u00e4uschen beteiligen m\u00f6chten.<\/p>\n\n\n\n<p>Aufgrund sehr knapper finanzieller Mittel der meisten Kommunen sind Engp\u00e4sse f\u00fcr Schulen und Kinderg\u00e4rten besonders stark zu sp\u00fcren. Neben der h\u00e4ufig zu geringen personellen Ausstattung betrifft dies vor allem die Ausstattung mit Sachmitteln und Materialien.<\/p>\n\n\n\n<p>Auch dem st\u00e4dtischen Montessori-Kinderhaus Laurensberg stehen j\u00e4hrlich nur sehr begrenzte Mittel zur Verf\u00fcgung. Selbst bei gr\u00f6\u00dftm\u00f6glicher Sparsamkeit mangelt es an Vielem. Vor allem das Montessori-Material ist sehr kostenintensiv. Der F\u00f6rderverein setzt sich durch Spenden und ehrenamtliches Engagement f\u00fcr eine Verbesserung dieser Situation ein.<\/p>\n","protected":false},"excerpt":{"rendered":"<p>Unser F\u00f6rderverein wurde im Jahr 2007 gegr\u00fcndet. Als eingetragener gemeinn\u00fctziger Verein sehen wir uns als eine Plattform f\u00fcr Eltern, Gro\u00dfeltern und andere Verwandte, Erziehende, Freunde und Interessierte, die sich in unterschiedlicher Form an der Unterst\u00fctzung der Kinder und der Arbeit des Montessori-Kinderhauses Sandh\u00e4uschen beteiligen m\u00f6chten. Aufgrund sehr knapper finanzieller Mittel der meisten Kommunen sind Engp\u00e4sse &#8230; <a title=\"Der F\u00f6rderverein\" class=\"read-more\" href=\"https:\/\/fv-kita-sandhaeuschen.de\/?page_id=40\" aria-label=\"Mehr Informationen \u00fcber Der F\u00f6rderverein\">Weiterlesen<\/a><\/p>\n","protected":false},"author":1,"featured_media":0,"parent":0,"menu_order":0,"comment_status":"closed","ping_status":"closed","template":"","meta":{"footnotes":""},"class_list":["post-40","page","type-page","status-publish"],"_links":{"self":[{"href":"https:\/\/fv-kita-sandhaeuschen.de\/index.php?rest_route=\/wp\/v2\/pages\/40","targetHints":{"allow":["GET"]}}],"collection":[{"href":"https:\/\/fv-kita-sandhaeuschen.de\/index.php?rest_route=\/wp\/v2\/pages"}],"about":[{"href":"https:\/\/fv-kita-sandhaeuschen.de\/index.php?rest_route=\/wp\/v2\/types\/page"}],"author":[{"embeddable":true,"href":"https:\/\/fv-kita-sandhaeuschen.de\/index.php?rest_route=\/wp\/v2\/users\/1"}],"replies":[{"embeddable":true,"href":"https:\/\/fv-kita-sandhaeuschen.de\/index.php?rest_route=%2Fwp%2Fv2%2Fcomments&post=40"}],"version-history":[{"count":6,"href":"https:\/\/fv-kita-sandhaeuschen.de\/index.php?rest_route=\/wp\/v2\/pages\/40\/revisions"}],"predecessor-version":[{"id":353,"href":"https:\/\/fv-kita-sandhaeuschen.de\/index.php?rest_route=\/wp\/v2\/pages\/40\/revisions\/353"}],"wp:attachment":[{"href":"https:\/\/fv-kita-sandhaeuschen.de\/index.php?rest_route=%2Fwp%2Fv2%2Fmedia&parent=40"}],"curies":[{"name":"wp","href":"https:\/\/api.w.org\/{rel}","templated":true}]}}