{"id":43,"date":"2022-01-19T09:59:49","date_gmt":"2022-01-19T08:59:49","guid":{"rendered":"http:\/\/localhost:8080\/?page_id=43"},"modified":"2022-01-19T16:36:48","modified_gmt":"2022-01-19T15:36:48","slug":"kita","status":"publish","type":"page","link":"https:\/\/fv-kita-sandhaeuschen.de\/?page_id=43","title":{"rendered":"Das Kinderhaus"},"content":{"rendered":"\n<p>Unser Montessori Kinderhaus Sandh\u00e4uschen ist eine Kindertageseinrichtung mit drei Gruppen und aktuell insgesamt ca. 59 Kindern im Alter zwischen 2 und 6 Jahren.<\/p>\n\n\n\n<p>Zwischen 7:30 und 16:30 k\u00f6nnen die Kinder miteinander den Alltag verbringen und so ihre sozialen, kreativen, kommunikativen und kognitiven F\u00e4higkeiten ausbilden und trainieren.<\/p>\n\n\n\n<p>Aufgeteilt in drei Gruppen, die Sonnenscheingruppe, die Sternengruppe und die Regenbogengruppe werden unsere Sch\u00fctzlinge von p\u00e4dagogischen Fachkr\u00e4ften betreut. Vier unserer Mitarbeiter haben ein Montessori-Diplom. Eine f\u00fcnfte Fachkraft macht gerade diese Ausbildung.<\/p>\n\n\n\n<p>Die drei Gruppenr\u00e4ume sind umfangreich mit Montessori-Material ausgestattet. Zwei der Gruppenr\u00e4ume bieten neben einem Hauptraum auch einen zus\u00e4tzlichen Nebenraum mit Kuschel- oder Spielecke. Zus\u00e4tzlich zu den Gruppenr\u00e4umen gibt es eine K\u00fcche und einen Schlafraum f\u00fcr unsere kleinsten.<\/p>\n\n\n\n<p>Jede Gruppe wird von jeweils zwei Eltern im Elternrat vertreten. Dieser stellt das Bindeglied zwischen der Elternschaft und den Mitarbeitern der KiTa dar.<\/p>\n","protected":false},"excerpt":{"rendered":"<p>Unser Montessori Kinderhaus Sandh\u00e4uschen ist eine Kindertageseinrichtung mit drei Gruppen und aktuell insgesamt ca. 59 Kindern im Alter zwischen 2 und 6 Jahren. Zwischen 7:30 und 16:30 k\u00f6nnen die Kinder miteinander den Alltag verbringen und so ihre sozialen, kreativen, kommunikativen und kognitiven F\u00e4higkeiten ausbilden und trainieren. Aufgeteilt in drei Gruppen, die Sonnenscheingruppe, die Sternengruppe und &#8230; <a title=\"Das Kinderhaus\" class=\"read-more\" href=\"https:\/\/fv-kita-sandhaeuschen.de\/?page_id=43\" aria-label=\"Mehr Informationen \u00fcber Das Kinderhaus\">Weiterlesen<\/a><\/p>\n","protected":false},"author":1,"featured_media":0,"parent":0,"menu_order":0,"comment_status":"closed","ping_status":"closed","template":"","meta":{"footnotes":""},"class_list":["post-43","page","type-page","status-publish"],"_links":{"self":[{"href":"https:\/\/fv-kita-sandhaeuschen.de\/index.php?rest_route=\/wp\/v2\/pages\/43","targetHints":{"allow":["GET"]}}],"collection":[{"href":"https:\/\/fv-kita-sandhaeuschen.de\/index.php?rest_route=\/wp\/v2\/pages"}],"about":[{"href":"https:\/\/fv-kita-sandhaeuschen.de\/index.php?rest_route=\/wp\/v2\/types\/page"}],"author":[{"embeddable":true,"href":"https:\/\/fv-kita-sandhaeuschen.de\/index.php?rest_route=\/wp\/v2\/users\/1"}],"replies":[{"embeddable":true,"href":"https:\/\/fv-kita-sandhaeuschen.de\/index.php?rest_route=%2Fwp%2Fv2%2Fcomments&post=43"}],"version-history":[{"count":2,"href":"https:\/\/fv-kita-sandhaeuschen.de\/index.php?rest_route=\/wp\/v2\/pages\/43\/revisions"}],"predecessor-version":[{"id":200,"href":"https:\/\/fv-kita-sandhaeuschen.de\/index.php?rest_route=\/wp\/v2\/pages\/43\/revisions\/200"}],"wp:attachment":[{"href":"https:\/\/fv-kita-sandhaeuschen.de\/index.php?rest_route=%2Fwp%2Fv2%2Fmedia&parent=43"}],"curies":[{"name":"wp","href":"https:\/\/api.w.org\/{rel}","templated":true}]}}