{"id":45,"date":"2022-01-19T09:59:49","date_gmt":"2022-01-19T08:59:49","guid":{"rendered":"http:\/\/localhost:8080\/?page_id=45"},"modified":"2022-01-25T08:48:26","modified_gmt":"2022-01-25T07:48:26","slug":"satzung","status":"publish","type":"page","link":"https:\/\/fv-kita-sandhaeuschen.de\/?page_id=45","title":{"rendered":"Die Satzung"},"content":{"rendered":"\n<p>Die Vereinssatzung des F\u00f6rdervereins wurde am 09.05.2007 in der Gr\u00fcndungsversammlung formuliert, besprochen und einstimmig angenommen. Am 04.09.2007 ist sie in das Vereinsregister des Amtsgerichts Aachen eingetragen worden.<\/p>\n\n\n\n<p>Die Satzung kann unten ausf\u00fchrlich nachgelesen oder als *.pdf heruntergeladen werden:<\/p>\n\n\n\n<div class=\"wp-block-file\"><a href=\"https:\/\/fv-kita-sandhaeuschen.de\/wp-content\/uploads\/2022\/01\/Satzung.pdf\" class=\"wp-block-file__button\" download>Satzung (pdf)<\/a><\/div>\n\n\n\n<hr class=\"wp-block-separator\"\/>\n\n\n\n<h3 class=\"wp-block-heading\">Satzung des Vereins \u201eFreunde und F\u00f6rderer des Montessori Kinderhauses Sandh\u00e4uschen\u201c<\/h3>\n\n\n\n<h3 class=\"wp-block-heading\">\u00a71 Name<\/h3>\n\n\n\n<p>(1) Der Verein tr\u00e4gt den Namen \u201eFreunde und F\u00f6rderer des Montessori Kinderhauses Sandh\u00e4uschen\u201c.<\/p>\n\n\n\n<p>(2) Der Verein soll in das Vereinsregister eingetragen werden.<\/p>\n\n\n\n<p>(3) Mit der Eintragung erh\u00e4lt der Name des Vereins den Zusatz \u201eeingetragener Verein\u201c in der abgek\u00fcrzten Form \u201ee. V.\u201c.<\/p>\n\n\n\n<h3 class=\"wp-block-heading\">\u00a72 Sitz<\/h3>\n\n\n\n<p>Der Verein hat seinen Sitz in Aachen-Laurensberg.<\/p>\n\n\n\n<h3 class=\"wp-block-heading\">\u00a73 Zweck und Sicherung der Gemeinn\u00fctzigkeit<\/h3>\n\n\n\n<p>(1) Der Verein dient dem Zweck, die p\u00e4dagogische Entwicklung der Kindertagesst\u00e4tte Sandh\u00e4uschen zu f\u00f6rdern. Der Verein ist selbstlos t\u00e4tig; er verfolgt nicht in erster Linie eigenwirtschaftliche Zwecke.<\/p>\n\n\n\n<p>Der Satzungszweck wird verwirklicht insbesondere durch: F\u00f6rderung und Verbreitung der p\u00e4dagogischen Arbeit nach den Prinzipien Maria Montessoris z.B.: Informationsveranstaltungen Anschaffung von Montessori-Spielmaterial<\/p>\n\n\n\n<p>Dar\u00fcber hinaus hilft der Verein bei der Planung und Durchf\u00fchrung von Fortbildungsveranstaltungen f\u00fcr die Mitarbeiter in Montessori-P\u00e4dagogik besonderen Veranstaltungen und Festen Neuanschaffung und Reparatur von Spielger\u00e4ten<\/p>\n\n\n\n<p>(2) Der Verein verfolgt ausschlie\u00dflich und unmittelbar gemeinn\u00fctzige Zwecke im Sinne des Abschnittes \u201eSteuerbeg\u00fcnstigte Zwecke\u201c der Abgabenordnung vom 01.01.1977.<\/p>\n\n\n\n<p>Der Verein ist selbstlos t\u00e4tig und verfolgt nicht in erster Linie eigenwirtschaftliche Zwecke. Die Mittel des Vereins d\u00fcrfen nur f\u00fcr die satzungsgem\u00e4\u00dfen Zwecke verwendet werden. Die Mitglieder erhalten bei ihrem Ausscheiden oder bei Aufl\u00f6sung oder Aufhebung des Vereins keine Anteile des Vereinsverm\u00f6gens. Es darf keine Person durch Ausgaben, die dem Zweck des Vereins fremd sind oder durch unverh\u00e4ltnism\u00e4\u00dfig hohe Verg\u00fctungen beg\u00fcnstigt werden.<\/p>\n\n\n\n<p>Der Verein haftet ausschlie\u00dflich mit seinem Vereinsverm\u00f6gen.<\/p>\n\n\n\n<h3 class=\"wp-block-heading\">\u00a74 Beginn der Mitgliedschaft<\/h3>\n\n\n\n<p>(1) Die Mitgliedschaft in dem Verein wird erworben durch:<\/p>\n\n\n\n<p>a) Unterzeichnung der Vereinssatzung bei der Gr\u00fcndungsversammlung oder<\/p>\n\n\n\n<p>b) Eintritt in den Verein.<\/p>\n\n\n\n<p>(2) Der Eintritt erfolgt durch schriftliche Beitrittserkl\u00e4rung, wobei anzugeben ist, ob es sich um eine Vollmitgliedschaft oder F\u00f6rdermitgliedschaft handelt.<\/p>\n\n\n\n<p>\u00dcber die Aufnahmeantr\u00e4ge entscheidet der Vorstand.<\/p>\n\n\n\n<p>(3) Mitglied des Vereins kann jede nat\u00fcrliche und juristische Person werden, die bereit ist, sich f\u00fcr die Zwecke des Vereins einzusetzen und ihre Pflichten als Mitglied zu erf\u00fcllen.<\/p>\n\n\n\n<p>(4) F\u00f6rdermitglieder haben Anspruch auf regelm\u00e4\u00dfige Informationen \u00fcber die Vereinst\u00e4tigkeiten, sind jedoch nicht wahl- oder stimmberechtigt. Sie k\u00f6nnen auf ihren Antrag hin gem\u00e4\u00df den Satzungsbestimmungen als Vollmitglied aufgenommen werden.<\/p>\n\n\n\n<h3 class=\"wp-block-heading\">\u00a75 Ende der Mitgliedschaft<\/h3>\n\n\n\n<p>(1) Die Mitgliedschaft endet durch:<\/p>\n\n\n\n<p>a) Austritt,<\/p>\n\n\n\n<p>b) Ausschluss oder<\/p>\n\n\n\n<p>c) Tod.<\/p>\n\n\n\n<p>(2) Der Austritt ist dem Vorstand schriftlich mitzuteilen. Er ist nur unter Einhaltung einer Frist von sechs Wochen zul\u00e4ssig.<\/p>\n\n\n\n<p>(3) \u00dcber den Ausschluss entscheidet auf Antrag die Mitgliederversammlung mit sofortiger Wirkung. Der Ausschluss aus dem Verein ist nur bei wichtigem Grund zul\u00e4ssig und kann nur mit satzungs\u00e4ndernder Mehrheit beschlossen werden.<\/p>\n\n\n\n<h3 class=\"wp-block-heading\">\u00a76 Beitr\u00e4ge<\/h3>\n\n\n\n<p>(1) Jedes Mitglied hat Vereinsbeitr\u00e4ge zu leisten, deren H\u00f6he von der Mitgliederversammlung bestimmt wird.<\/p>\n\n\n\n<p>(2) Der Jahresbeitrag ist unabh\u00e4ngig vom Zeitpunkt des Beitritts f\u00fcr ein Gesch\u00e4ftsjahr im Voraus zu entrichten.<\/p>\n\n\n\n<p>Auf freiwilliger Basis k\u00f6nnen Mitglieder auch einen h\u00f6heren Beitrag bezahlen.<\/p>\n\n\n\n<p>(3) Die Mitgliederversammlung kann f\u00fcr die Zukunft beschlie\u00dfen, dass neu eintretende Mitglieder eine Aufnahmegeb\u00fchr zu entrichten haben.<\/p>\n\n\n\n<h3 class=\"wp-block-heading\">\u00a77 Gesch\u00e4ftsjahr<\/h3>\n\n\n\n<p>Das Gesch\u00e4ftsjahr endet am 31. Juli des Kalenderjahres.<\/p>\n\n\n\n<h3 class=\"wp-block-heading\">\u00a78 Vorstand<\/h3>\n\n\n\n<p>(1) Der Vorstand vertritt den Verein gerichtlich und au\u00dfergerichtlich. Der Vorstand f\u00fchrt auch die laufenden Gesch\u00e4fte des Vereins. Jedes Vorstandsmitglied ist im Au\u00dfenverh\u00e4ltnis alleinvertretungsberechtigt.<\/p>\n\n\n\n<p>(2) Der Vorstand besteht aus dem 1. Vorsitzenden, dem 2. Vorsitzenden und dem Kassierer.<\/p>\n\n\n\n<p>(3) Der Vorstand wird von der Mitgliederversammlung f\u00fcr die Dauer eines Jahres gew\u00e4hlt.<\/p>\n\n\n\n<p>(4) Der Vorstand kann Mitglieder des Vereins zur Durchf\u00fchrung bestimmter Gesch\u00e4fte erm\u00e4chtigen.<\/p>\n\n\n\n<p>(5) Der Vorstand bleibt solange im Amt bis eine Neuwahl erfolgt. Scheidet ein Mitglied des Vorstandes w\u00e4hrend der Amtsperiode aus, w\u00e4hlt der Vorstand ein Ersatzmitglied f\u00fcr den Rest der Amtsdauer des ausgeschiedenen Vorstandsmitglieds.<\/p>\n\n\n\n<p>(6) In der Regel sollte dem Vorstand ein Mitglied des p\u00e4dagogischen Personals des Montessori Kinderhauses Sandh\u00e4uschen angeh\u00f6ren. Sollte kein Vertreter des p\u00e4dagogischen Personals im Vorstand vertreten sein, so soll zu jeder Vorstandssitzung ein Mitglied des p\u00e4dagogischen Personals mit beratender Funktion eingeladen werden.<\/p>\n\n\n\n<p>(7) Es werden durch die Mitgliederversammlung zwei Kassenpr\u00fcfer bestimmt. Diese d\u00fcrfen keine weiteren Aufgaben im Vorstand wahrnehmen. Die Kassenpr\u00fcfer werden f\u00fcr ein Jahr mit einfacher Mehrheit gew\u00e4hlt. Eine Wiederwahl ist zul\u00e4ssig.<\/p>\n\n\n\n<h3 class=\"wp-block-heading\">\u00a710 Mitgliederversammlung<\/h3>\n\n\n\n<p>(1) Die Mitgliederversammlung ist das verfassungsgebende Organ des Vereins. (2) Sie ist mindestens einmal j\u00e4hrlich durch den Vorstand einzuberufen.<\/p>\n\n\n\n<p>(3) Die Mitgliederversammlung ist zus\u00e4tzlich einzuberufen, wenn mindestens ein Drittel der Mitglieder dies durch einen schriftlich begr\u00fcndeten Antrag vom Vorstand verlangt. In diesem Fall hat der Vorstand die Einberufung unverz\u00fcglich innerhalb von sechs Wochen nach Antragstellung zu bewirken.<\/p>\n\n\n\n<p>(4) Die Einberufung der Mitgliederversammlung erfolgt schriftlich unter Einhaltung einer Frist von zwei Wochen. Ihr muss die Tagesordnung beigef\u00fcgt sein.<\/p>\n\n\n\n<p>(5) Beschlussf\u00e4hig ist jede ordnungsgem\u00e4\u00df einberufene Mitgliederversammlung.<\/p>\n\n\n\n<p>(6) Die Beschlussfassung erfolgt durch Handzeichen, auf Antrag von einem Drittel der Stimmberechtigten jedoch in schriftlicher und geheimer Abstimmung.<\/p>\n\n\n\n<p>(7) Ein Beschluss ist zustande gekommen, wenn er die Mehrheit der Stimmen der erschienenen Mitglieder auf sich vereinigt. F\u00fcr einen satzungs\u00e4ndernden Beschluss ist eine Drei-Viertel-Mehrheit der abgegebenen g\u00fcltigen Stimmen erforderlich.<\/p>\n\n\n\n<p>(8) Zu den haupts\u00e4chlichen Aufgaben der Mitgliederversammlung geh\u00f6ren: Wahl und Entlastung des Vorstands Beschlussfassung \u00fcber den Vereinshaushalt, \u00fcber Satzungs\u00e4nderungen und<\/p>\n\n\n\n<p>\u00fcber die Aufl\u00f6sung des Vereins.<\/p>\n\n\n\n<h3 class=\"wp-block-heading\">\u00a711 Beurkundung der Versammlungsbeschl\u00fcsse<\/h3>\n\n\n\n<p>(1) \u00dcber die in der Versammlung gefassten Beschl\u00fcsse ist eine Niederschrift aufzunehmen.<\/p>\n\n\n\n<p>(2) Die Niederschrift ist vom Protokollf\u00fchrer und vom Vorsitzenden der Versammlung zu unterzeichnen. Wenn mehrere Vorsitzende t\u00e4tig waren, unterzeichnet der letzte Versammlungsleiter die gesamte Niederschrift.<\/p>\n\n\n\n<p>(3) Jedes Vollmitglied ist jederzeit berechtigt, die Niederschrift einzusehen. Einw\u00e4nde gegen die Richtigkeit des Protokolls k\u00f6nnen nur innerhalb eines Monats nach der vollst\u00e4ndigen Unterzeichnung des Protokolls geltend gemacht werden.<\/p>\n\n\n\n<h3 class=\"wp-block-heading\">\u00a712 Aufl\u00f6sung<\/h3>\n\n\n\n<p>(1) Der Verein kann von der Mitgliederversammlung mit satzungs\u00e4ndernder Mehrheit aufgel\u00f6st werden.<\/p>\n\n\n\n<p>(2) Bei Aufl\u00f6sung oder Aufhebung des Vereins geht das Verm\u00f6gen an das Montessori Kinderhaus Sandh\u00e4uschen. Bei Wegfall seines bisherigen Zwecks f\u00e4llt das Verm\u00f6gen dem Deutschen Kinderschutzbund Aachen e.V. zum der es unmittelbar und ausschlie\u00dflich f\u00fcr gemeinn\u00fctzige Zwecke zu verwenden hat.<\/p>\n\n\n\n<p>Aachen, den 09. Mai 2007<\/p>\n","protected":false},"excerpt":{"rendered":"<p>Die Vereinssatzung des F\u00f6rdervereins wurde am 09.05.2007 in der Gr\u00fcndungsversammlung formuliert, besprochen und einstimmig angenommen. Am 04.09.2007 ist sie in das Vereinsregister des Amtsgerichts Aachen eingetragen worden. Die Satzung kann unten ausf\u00fchrlich nachgelesen oder als *.pdf heruntergeladen werden: Satzung des Vereins \u201eFreunde und F\u00f6rderer des Montessori Kinderhauses Sandh\u00e4uschen\u201c \u00a71 Name (1) Der Verein tr\u00e4gt den &#8230; <a title=\"Die Satzung\" class=\"read-more\" href=\"https:\/\/fv-kita-sandhaeuschen.de\/?page_id=45\" aria-label=\"Mehr Informationen \u00fcber Die Satzung\">Weiterlesen<\/a><\/p>\n","protected":false},"author":1,"featured_media":0,"parent":0,"menu_order":0,"comment_status":"closed","ping_status":"closed","template":"","meta":{"footnotes":""},"class_list":["post-45","page","type-page","status-publish"],"_links":{"self":[{"href":"https:\/\/fv-kita-sandhaeuschen.de\/index.php?rest_route=\/wp\/v2\/pages\/45","targetHints":{"allow":["GET"]}}],"collection":[{"href":"https:\/\/fv-kita-sandhaeuschen.de\/index.php?rest_route=\/wp\/v2\/pages"}],"about":[{"href":"https:\/\/fv-kita-sandhaeuschen.de\/index.php?rest_route=\/wp\/v2\/types\/page"}],"author":[{"embeddable":true,"href":"https:\/\/fv-kita-sandhaeuschen.de\/index.php?rest_route=\/wp\/v2\/users\/1"}],"replies":[{"embeddable":true,"href":"https:\/\/fv-kita-sandhaeuschen.de\/index.php?rest_route=%2Fwp%2Fv2%2Fcomments&post=45"}],"version-history":[{"count":12,"href":"https:\/\/fv-kita-sandhaeuschen.de\/index.php?rest_route=\/wp\/v2\/pages\/45\/revisions"}],"predecessor-version":[{"id":285,"href":"https:\/\/fv-kita-sandhaeuschen.de\/index.php?rest_route=\/wp\/v2\/pages\/45\/revisions\/285"}],"wp:attachment":[{"href":"https:\/\/fv-kita-sandhaeuschen.de\/index.php?rest_route=%2Fwp%2Fv2%2Fmedia&parent=45"}],"curies":[{"name":"wp","href":"https:\/\/api.w.org\/{rel}","templated":true}]}}