{"id":46,"date":"2022-01-19T09:59:49","date_gmt":"2022-01-19T08:59:49","guid":{"rendered":"http:\/\/localhost:8080\/?page_id=46"},"modified":"2022-01-19T16:33:23","modified_gmt":"2022-01-19T15:33:23","slug":"vorstand","status":"publish","type":"page","link":"https:\/\/fv-kita-sandhaeuschen.de\/?page_id=46","title":{"rendered":"Der Vorstand"},"content":{"rendered":"\n<p>Der Vorstand unseres F\u00f6rdervereins besteht aus dem Vorsitzenden, dem stellvertretenden Vorsitzenden und dem Kassierer. Er wurde erstmals zur Gr\u00fcndungsveranstaltung am 9. Mai 2007 eingesetzt. Der Vorstand wird durch die Mitgliederversammlung f\u00fcr eine Amtszeit von 1 Jahr gew\u00e4hlt.<\/p>\n\n\n\n<p>In den einmal j\u00e4hrlich und nach Bedarf stattfindenden Vorstandssitzungen plant der Vorstand Aktionen, Veranstaltungen und Projekte, wie z. B. die Gestaltung der Homepage oder den Osterbasar 2014. Der Vorstand entscheidet zudem \u00fcber die Verwendung der F\u00f6rdergelder und vertritt den Verein nach au\u00dfen.<\/p>\n\n\n\n<p>Viele Dinge werden aber auch ganz unb\u00fcrokratisch &#8222;zwischen T\u00fcr und Angel&#8220; bei einem kurzen Gespr\u00e4ch angeregt, besprochen oder gekl\u00e4rt, da sich unsere Vorst\u00e4nde regelm\u00e4\u00dfig in der KiTa sehen und so einen engen Kontakt zueinander und zu anderen Eltern, Kindern und Erziehern pflegen k\u00f6nnen und so immer ein Ohr am Puls der KiTa haben.<\/p>\n\n\n\n<p><strong>Hier der aktuelle Vorstand nach der Wahl am 19. November 2015:<\/strong><\/p>\n\n\n\n<h3 class=\"wp-block-heading\">1. Vorsitzender<\/h3>\n\n\n\n<p><strong>Olivier Genten<\/strong><\/p>\n\n\n\n<h3 class=\"wp-block-heading\">2. Vorsitzender<\/h3>\n\n\n\n<p><strong>Simone Kreutzer<\/strong><\/p>\n\n\n\n<h3 class=\"wp-block-heading\">Kassierer<\/h3>\n\n\n\n<p><strong>Keith Sauvant<\/strong><\/p>\n","protected":false},"excerpt":{"rendered":"<p>Der Vorstand unseres F\u00f6rdervereins besteht aus dem Vorsitzenden, dem stellvertretenden Vorsitzenden und dem Kassierer. Er wurde erstmals zur Gr\u00fcndungsveranstaltung am 9. Mai 2007 eingesetzt. Der Vorstand wird durch die Mitgliederversammlung f\u00fcr eine Amtszeit von 1 Jahr gew\u00e4hlt. In den einmal j\u00e4hrlich und nach Bedarf stattfindenden Vorstandssitzungen plant der Vorstand Aktionen, Veranstaltungen und Projekte, wie z. &#8230; <a title=\"Der Vorstand\" class=\"read-more\" href=\"https:\/\/fv-kita-sandhaeuschen.de\/?page_id=46\" aria-label=\"Mehr Informationen \u00fcber Der Vorstand\">Weiterlesen<\/a><\/p>\n","protected":false},"author":1,"featured_media":0,"parent":0,"menu_order":0,"comment_status":"closed","ping_status":"closed","template":"","meta":{"footnotes":""},"class_list":["post-46","page","type-page","status-publish"],"_links":{"self":[{"href":"https:\/\/fv-kita-sandhaeuschen.de\/index.php?rest_route=\/wp\/v2\/pages\/46","targetHints":{"allow":["GET"]}}],"collection":[{"href":"https:\/\/fv-kita-sandhaeuschen.de\/index.php?rest_route=\/wp\/v2\/pages"}],"about":[{"href":"https:\/\/fv-kita-sandhaeuschen.de\/index.php?rest_route=\/wp\/v2\/types\/page"}],"author":[{"embeddable":true,"href":"https:\/\/fv-kita-sandhaeuschen.de\/index.php?rest_route=\/wp\/v2\/users\/1"}],"replies":[{"embeddable":true,"href":"https:\/\/fv-kita-sandhaeuschen.de\/index.php?rest_route=%2Fwp%2Fv2%2Fcomments&post=46"}],"version-history":[{"count":2,"href":"https:\/\/fv-kita-sandhaeuschen.de\/index.php?rest_route=\/wp\/v2\/pages\/46\/revisions"}],"predecessor-version":[{"id":195,"href":"https:\/\/fv-kita-sandhaeuschen.de\/index.php?rest_route=\/wp\/v2\/pages\/46\/revisions\/195"}],"wp:attachment":[{"href":"https:\/\/fv-kita-sandhaeuschen.de\/index.php?rest_route=%2Fwp%2Fv2%2Fmedia&parent=46"}],"curies":[{"name":"wp","href":"https:\/\/api.w.org\/{rel}","templated":true}]}}