{"id":50,"date":"2022-01-19T09:59:49","date_gmt":"2022-01-19T08:59:49","guid":{"rendered":"http:\/\/localhost:8080\/?page_id=50"},"modified":"2022-01-23T10:45:34","modified_gmt":"2022-01-23T09:45:34","slug":"datenschutz","status":"publish","type":"page","link":"https:\/\/fv-kita-sandhaeuschen.de\/?page_id=50","title":{"rendered":"Datenschutz"},"content":{"rendered":"\n<p>Wir nehmen den Schutz Ihrer pers\u00f6nlichen Daten sehr ernst und halten uns strikt an die Regeln der Datenschutzgesetze. Personenbezogene Daten werden auf dieser Webseite nur im technisch notwendigen Umfang erhoben. In keinem Fall werden die erhobenen Daten verkauft oder aus anderen Gr\u00fcnden an Dritte weitergegeben.<\/p>\n\n\n\n<p>Die nachfolgende Erkl\u00e4rung gibt Ihnen einen \u00dcberblick dar\u00fcber, wie wir diesen Schutz gew\u00e4hrleisten und welche Art von Daten zu welchem Zweck erhoben werden.<\/p>\n\n\n\n<h3 class=\"wp-block-heading\">Datenverarbeitung auf dieser Internetseite<\/h3>\n\n\n\n<p>Google Analytics, ein Dienst des Unternehmens Google Inc., erhebt und speichert automatisch auf seinem Server Log Files Informationen, die Ihr Browser an die Adresse www.fv-kita-sandhaeuschen.de \u00fcbermittelt. Dies sind:<\/p>\n\n\n\n<ul class=\"wp-block-list\"><li>Browsertyp\/ -version<\/li><li>verwendetes Betriebssystem<\/li><li>Referrer URL (die zuvor besuchte Seite)<\/li><li>Hostname des zugreifenden Rechners (IP Adresse)<\/li><li>Uhrzeit der Serveranfrage.<\/li><\/ul>\n\n\n\n<p>Diese Daten sind f\u00fcr Google Analytics nicht bestimmten Personen zuordenbar. Eine Zusammenf\u00fchrung dieser Daten mit anderen Datenquellen wird nicht vorgenommen.<\/p>\n\n\n\n<h3 class=\"wp-block-heading\">Auskunftsrecht<\/h3>\n\n\n\n<p>Sie haben jederzeit das Recht auf Auskunft \u00fcber die bez\u00fcglich Ihrer Person gespeicherten Daten, deren Herkunft und Empf\u00e4nger sowie den Zweck der Speicherung. Auskunft \u00fcber die gespeicherten Daten gibt Herr Olivier Genten. E-Mail: <a href=\"mailto:o.genten@fv-kita-sandhaeuschen.de\">o.genten@fv-kita-sandhaeuschen.de<\/a><\/p>\n","protected":false},"excerpt":{"rendered":"<p>Wir nehmen den Schutz Ihrer pers\u00f6nlichen Daten sehr ernst und halten uns strikt an die Regeln der Datenschutzgesetze. Personenbezogene Daten werden auf dieser Webseite nur im technisch notwendigen Umfang erhoben. In keinem Fall werden die erhobenen Daten verkauft oder aus anderen Gr\u00fcnden an Dritte weitergegeben. Die nachfolgende Erkl\u00e4rung gibt Ihnen einen \u00dcberblick dar\u00fcber, wie wir &#8230; <a title=\"Datenschutz\" class=\"read-more\" href=\"https:\/\/fv-kita-sandhaeuschen.de\/?page_id=50\" aria-label=\"Mehr Informationen \u00fcber Datenschutz\">Weiterlesen<\/a><\/p>\n","protected":false},"author":1,"featured_media":0,"parent":0,"menu_order":0,"comment_status":"closed","ping_status":"closed","template":"","meta":{"footnotes":""},"class_list":["post-50","page","type-page","status-publish"],"_links":{"self":[{"href":"https:\/\/fv-kita-sandhaeuschen.de\/index.php?rest_route=\/wp\/v2\/pages\/50","targetHints":{"allow":["GET"]}}],"collection":[{"href":"https:\/\/fv-kita-sandhaeuschen.de\/index.php?rest_route=\/wp\/v2\/pages"}],"about":[{"href":"https:\/\/fv-kita-sandhaeuschen.de\/index.php?rest_route=\/wp\/v2\/types\/page"}],"author":[{"embeddable":true,"href":"https:\/\/fv-kita-sandhaeuschen.de\/index.php?rest_route=\/wp\/v2\/users\/1"}],"replies":[{"embeddable":true,"href":"https:\/\/fv-kita-sandhaeuschen.de\/index.php?rest_route=%2Fwp%2Fv2%2Fcomments&post=50"}],"version-history":[{"count":2,"href":"https:\/\/fv-kita-sandhaeuschen.de\/index.php?rest_route=\/wp\/v2\/pages\/50\/revisions"}],"predecessor-version":[{"id":259,"href":"https:\/\/fv-kita-sandhaeuschen.de\/index.php?rest_route=\/wp\/v2\/pages\/50\/revisions\/259"}],"wp:attachment":[{"href":"https:\/\/fv-kita-sandhaeuschen.de\/index.php?rest_route=%2Fwp%2Fv2%2Fmedia&parent=50"}],"curies":[{"name":"wp","href":"https:\/\/api.w.org\/{rel}","templated":true}]}}